{"id":760,"date":"2018-05-16T06:26:41","date_gmt":"2018-05-16T06:26:41","guid":{"rendered":"http:\/\/www.kumpenred.be\/?page_id=760"},"modified":"2018-05-16T08:10:17","modified_gmt":"2018-05-16T08:10:17","slug":"a-propos-de-nous","status":"publish","type":"page","link":"https:\/\/www.kumpenred.be\/fr\/a-propos-de-nous\/","title":{"rendered":"\u00c0 propos de nous"},"content":{"rendered":"<div class=\"wpb-content-wrapper\"><p>[vc_row full_width=\u00a0\u00bbstretch_row\u00a0\u00bb gap=\u00a0\u00bb10&Prime; video_bg=\u00a0\u00bbyes\u00a0\u00bb video_bg_url=\u00a0\u00bbhttps:\/\/www.youtube.com\/watch?v=cP5h6yxcEr4&Prime; css=\u00a0\u00bb.vc_custom_1526458215842{margin-bottom: 10px !important;padding-top: 100px !important;background-image: url(http:\/\/www.kumpenred.be\/wp-content\/uploads\/2018\/02\/about.jpg?id=122) !important;background-position: 0 0 !important;background-repeat: no-repeat !important;}\u00a0\u00bb el_class=\u00a0\u00bbabout-row-bg\u00a0\u00bb el_id=\u00a0\u00bbabout\u00a0\u00bb][vc_column width=\u00a0\u00bb1\/2&Prime; css=\u00a0\u00bb.vc_custom_1519988384502{margin-bottom: 5px !important;padding-top: 40px !important;padding-bottom: 40px !important;background-color: #ba3317 !important;}\u00a0\u00bb el_class=\u00a0\u00bbcolor-white about-text\u00a0\u00bb][vc_column_text css=\u00a0\u00bb.vc_custom_1526452128978{margin-bottom: 0px !important;}\u00a0\u00bb]RED signifie Real Estate Development. Mais \u00e9galement R\u00c9fl\u00e9chir sur un projet et un rendement r\u00e9aliste. R\u00c9Duire les co\u00fbts de l\u2019investisseur ET de l\u2019utilisateur final. Et surtout\u00a0: \u00c9conomiser un temps pr\u00e9cieux. Pour utiliser un clich\u00e9 un peu bateau\u00a0: people, planet, profit.[\/vc_column_text][\/vc_column][vc_column width=\u00a0\u00bb1\/2&Prime; css=\u00a0\u00bb.vc_custom_1526458171954{padding-top: 0px !important;}\u00a0\u00bb][vc_column_text el_class=\u00a0\u00bbcolor-white\u00a0\u00bb]<\/p>\n<h1>LE FUTUR<br \/>\nAPPROCHE \u00c0<br \/>\nGRANDE VITESSE ;<br \/>\nNOUS SOMMES PR\u00caTS<br \/>\n\u00c0 EMBRAYER.<\/h1>\n<p>[\/vc_column_text][\/vc_column][\/vc_row][vc_row full_width=\u00a0\u00bbstretch_row\u00a0\u00bb gap=\u00a0\u00bb10&Prime; css=\u00a0\u00bb.vc_custom_1519988553629{padding-top: 60px !important;padding-bottom: 80px !important;background-image: url(http:\/\/www.kumpenred.be\/wp-content\/uploads\/2018\/02\/about2.jpg?id=129) !important;background-position: 0 0 !important;background-repeat: no-repeat !important;}\u00a0\u00bb el_class=\u00a0\u00bbabout-row about-row-bg\u00a0\u00bb el_id=\u00a0\u00bbabout-bottom\u00a0\u00bb][vc_column width=\u00a0\u00bb1\/2&Prime; css=\u00a0\u00bb.vc_custom_1526458185637{padding-top: 0px !important;}\u00a0\u00bb][vc_column_text el_class=\u00a0\u00bbcolor-white\u00a0\u00bb]<\/p>\n<h1 style=\"text-align: right;\">LE D\u00c9VELOPPEMENT<br \/>\nDE PROJETS URBAINS<br \/>\nEN BELGIQUE A BESOIN<br \/>\nD\u2019UNE (R)\u00c9VOLUTION.<\/h1>\n<p>[\/vc_column_text][\/vc_column][vc_column width=\u00a0\u00bb1\/2&Prime; css=\u00a0\u00bb.vc_custom_1519988391108{padding-top: 40px !important;padding-bottom: 40px !important;background-color: #ffffff !important;}\u00a0\u00bb el_class=\u00a0\u00bbabout-block about-text\u00a0\u00bb][vc_column_text css=\u00a0\u00bb.vc_custom_1526452139891{margin-bottom: 0px !important;}\u00a0\u00bb]Cela fait plusieurs g\u00e9n\u00e9rations que Kumpen RED d\u00e9veloppe de l\u2019immobilier. Au d\u00e9part avec Constant et Emiel \u00e0 la barre, aujourd\u2019hui avec Jan, Paul et Robert. Personne ne sait ce que l\u2019avenir r\u00e9serve, mais une chose est s\u00fbre, il est d\u00e9j\u00e0 en route. \u00c0 grande vitesse. Et il prendra la forme d\u2019un nouveau profil urbain. Des d\u00e9fis majeurs, mais qui ne doivent pas \u00eatre source d\u2019inqui\u00e9tude. Chez Kumpen RED, nous sommes pr\u00eats \u00e0 embrayer sur ces changements.[\/vc_column_text][\/vc_column][\/vc_row]<\/p>\n<\/div>","protected":false},"excerpt":{"rendered":"<p>[vc_row full_width=\u00a0\u00bbstretch_row\u00a0\u00bb gap=\u00a0\u00bb10&Prime; video_bg=\u00a0\u00bbyes\u00a0\u00bb video_bg_url=\u00a0\u00bbhttps:\/\/www.youtube.com\/watch?v=cP5h6yxcEr4&Prime; css=\u00a0\u00bb.vc_custom_1526458215842{margin-bottom: 10px !important;padding-top: 100px !important;background-image: url(http:\/\/www.kumpenred.be\/wp-content\/uploads\/2018\/02\/about.jpg?id=122) !important;background-position: 0 0 !important;background-repeat: no-repeat !important;}\u00a0\u00bb el_class=\u00a0\u00bbabout-row-bg\u00a0\u00bb el_id=\u00a0\u00bbabout\u00a0\u00bb][vc_column width=\u00a0\u00bb1\/2&Prime; css=\u00a0\u00bb.vc_custom_1519988384502{margin-bottom: 5px !important;padding-top: 40px [&hellip;]<\/p>\n","protected":false},"author":1,"featured_media":0,"parent":0,"menu_order":0,"comment_status":"closed","ping_status":"closed","template":"","meta":{"_acf_changed":false,"footnotes":""},"class_list":["post-760","page","type-page","status-publish","hentry"],"acf":[],"_links":{"self":[{"href":"https:\/\/www.kumpenred.be\/fr\/wp-json\/wp\/v2\/pages\/760","targetHints":{"allow":["GET"]}}],"collection":[{"href":"https:\/\/www.kumpenred.be\/fr\/wp-json\/wp\/v2\/pages"}],"about":[{"href":"https:\/\/www.kumpenred.be\/fr\/wp-json\/wp\/v2\/types\/page"}],"author":[{"embeddable":true,"href":"https:\/\/www.kumpenred.be\/fr\/wp-json\/wp\/v2\/users\/1"}],"replies":[{"embeddable":true,"href":"https:\/\/www.kumpenred.be\/fr\/wp-json\/wp\/v2\/comments?post=760"}],"version-history":[{"count":8,"href":"https:\/\/www.kumpenred.be\/fr\/wp-json\/wp\/v2\/pages\/760\/revisions"}],"predecessor-version":[{"id":809,"href":"https:\/\/www.kumpenred.be\/fr\/wp-json\/wp\/v2\/pages\/760\/revisions\/809"}],"wp:attachment":[{"href":"https:\/\/www.kumpenred.be\/fr\/wp-json\/wp\/v2\/media?parent=760"}],"curies":[{"name":"wp","href":"https:\/\/api.w.org\/{rel}","templated":true}]}}